{"id":15,"date":"2014-04-07T09:11:35","date_gmt":"2014-04-07T09:11:35","guid":{"rendered":"https:\/\/site4.ctfc.cat\/?page_id=15"},"modified":"2017-04-18T17:25:19","modified_gmt":"2017-04-18T17:25:19","slug":"15-2","status":"publish","type":"page","link":"https:\/\/severicat.ctfc.cat\/?page_id=15&lang=ca","title":{"rendered":"METODOLOGIA"},"content":{"rendered":"<p><!--:CA--><\/p>\n<h3>1-Recopilaci\u00f3 dels l\u00edmits hist\u00f2rics dels incendis de Catalunya<\/h3>\n<p style=\"text-align: left;\"><span style=\"text-align: justify; font-size: 13px;\">S&#8217;han utilitzat la base cartogr\u00e0fica lliure de l\u00edmits d&#8217;incendis forestals ocorreguts des de 1986 en endavant, cartografiats per el&nbsp;<\/span><a style=\"text-align: justify; font-size: 13px;\" href=\"http:\/\/www20.gencat.cat\/portal\/site\/DAR\/menuitem.3645c709047c363053b88e10b031e1a0\/?vgnextoid=24e05ab6c97b8310VgnVCM1000008d0c1e0aRCRD&amp;vgnextchannel=24e05ab6c97b8310VgnVCM1000008d0c1e0aRCRD&amp;vgnextfmt=default\" target=\"_blank\">Departament d&#8217;Agricultura, Ramadaria i Medi Mar\u00ed (DAMM)<\/a><span style=\"text-align: justify; font-size: 13px;\"> i el <\/span><a style=\"text-align: justify; font-size: 13px;\" href=\"http:\/\/www.icc.cat\/\" target=\"_blank\">Institut Cartogr\u00e0fic de Catalunya (ICC)<\/a>&nbsp;i&nbsp;actualment disponibles lliurament des de la web del DAMM.&nbsp;<span style=\"text-align: justify; font-size: 13px;\">Aquesta delimitaci\u00f3 de les zones cremades per incendis forestals ha estat obtinguda mitjan\u00e7ant el tractament d&#8217;imatges Landsat i CASI. Els per\u00edmetres cartografiats queden subjectes a la disponibilitat, representativitat, processat i qualitat d&#8217;aquestes imatges sat\u00e8l\u00b7lit. Transformaci\u00f3 \u00cdndex Normalitzat de vegetaci\u00f3 (NDVI) i an\u00e0lisi de components principals.<\/span><\/p>\n<h3>2-Recopilaci\u00f3 d&#8217;imatges sat\u00e8l\u00b7lit i processament inicial<\/h3>\n<p style=\"text-align: left;\"><a href=\"https:\/\/severicat.ctfc.cat\/wp-content\/uploads\/2014\/01\/Jonquera_post.jpg\"><img loading=\"lazy\" decoding=\"async\" class=\" wp-image-16 alignleft\" src=\"https:\/\/severicat.ctfc.cat\/wp-content\/uploads\/2014\/01\/Jonquera_post.jpg\" alt=\"Landsat image\" width=\"146\" height=\"176\"><\/a><\/p>\n<p style=\"text-align: left;\">S&#8217;han utilitzat imatges Landsat del servidor <a href=\"http:\/\/www.opengis.uab.es\/wms\/satcat\/\" target=\"_blank\">SatCAT<\/a> i el <a href=\"http:\/\/glovis.usgs.gov\/\" target=\"_blank\">sevidor Glovis&nbsp; de la NASA<\/a>. En els dos casos estan corregides geom\u00e8tricament. S&#8217;han escollit les imatges lliures de n\u00favols disponibles m\u00e9s properes a cada incendi: una de just abans i una de despr\u00e9s. Les imatges dels dos servidor ja estan corregides geom\u00e8tricament, com a conseq\u00fc\u00e8ncia d&#8217;aquest proc\u00e9s, les bandes multiespectrals de TM i ETM+ del SatCAT es serveixen a una resoluci\u00f3 de 20m, per tant els productes generats a partir d&#8217;aquesta informaci\u00f3 es serviran tamb\u00e9 a 20m. A continuaci\u00f3 s&#8217;han corregit radiom\u00e8tricament les imatges seguint la metodologia de <a href=\"http:\/\/www.grumets.uab.cat\/CAT\/linies.html\" target=\"_blank\">Pons&amp;Sol\u00e9-Sugra\u00f1es (1994) <\/a>implantada en la eina CoRAd incorporada en el <a href=\"http:\/\/www.creaf.uab.es\/miramon\/index_ca.htm\" target=\"_blank\">programari MiraMon<\/a> amb l&#8217;objectiu de reduir artefactes indesitjats deguts als efectes de l&#8217;atmosfera o a la il\u00b7luminaci\u00f3 diferencial provocada per l&#8217;hora del dia, el lloc de la Terra o el relleu (zones m\u00e9s o menys il\u00b7luminades, ombres, etc).<\/p>\n<h4><span style=\"font-size: 1.17em;\">3-C\u00e0lcul d&#8217;\u00edndexs de vegetaci\u00f3 NBR (<\/span><i style=\"font-size: 1.17em;\">Normalized Burn Ratio<\/i><span style=\"font-size: 1.17em;\">) i derivats<\/span><\/h4>\n<p><span style=\"font-size: 13px;\">Seguint la metodologia descrita en <a href=\"http:\/\/www.mtbs.gov\/methods.html\" target=\"_blank\">MTBS<\/a> (Monitoring Trends in Burn Severity) desenvolupat des dels USA es calculen \u00edndexs de vegetaci\u00f3 com el NBR i altres de derivats. El <\/span><b style=\"font-size: 13px;\">NBR<\/b><span style=\"font-size: 13px;\"> \u00e9s un \u00edndex normalitzat que remarca la resposta espectral de la vegetaci\u00f3 afectada pel foc a partir de les bandes de l&#8217;infraroig proper (IRp o NIR) i infraroig mitj\u00e0&nbsp; (IRm o SWIR) corresponents a les bandes 4 i 7 respectivament per el cas de Landsat TM i ETM+ i les bandes 5 i 7 de Landsat 8 (OLI). Aquest \u00edndex permet oferir el millor contrast entre la vegetaci\u00f3 fotosint\u00e8tica saludable i la vegetaci\u00f3 cremada. Aquest \u00edndex, igual que el NDVI tindria valors entre -1 i 1 per\u00f2 per poder tractar les dades com a <\/span><i style=\"font-size: 13px;\">integuer<\/i><span style=\"font-size: 13px;\"> s&#8217;escala a 1000:<\/span><\/p>\n<p style=\"text-align: center;\"><em><strong>NBR = ((IRp &#8211; IRm) \/(IRp + IRm)) x 1000<\/strong><\/em><\/p>\n<p style=\"text-align: left;\">Es calcula el NBR de la imatge m\u00e9s propera a la data d&#8217;inici de l&#8217;incendi i per la imatge disponible m\u00e9s propera despr\u00e9s d&#8217;aquest. Degut a que en alguns dels incendis s&#8217;han realitzat accions de gesti\u00f3 (ex. retirada de fusta, tallat d&#8217;arbres morts, etc.) no s&#8217;ha cregut oport\u00fa utilitzar una imatge d&#8217;un any despr\u00e9s tal i com es recomana en alguns algunes treballs similars per tal de minimitzar canvis degut a la fenologia. A continuaci\u00f3 es calcula la difer\u00e8ncia entre aquestes (<b>dNBR<\/b>) on queden palesos els canvis en la vegetaci\u00f3:<\/p>\n<p style=\"text-align: center;\"><em><strong>dNBR = NBRpre &#8211; NBRpost<\/strong><\/em><\/p>\n<p style=\"text-align: left;\"><span style=\"text-align: justify;\">De cara a normalitzar els efectes produ\u00efts per els canvis fenol\u00f2gics de les imatges disponibles abans i despr\u00e9s de l&#8217;incendi, aix\u00ed com per a normalitzar l&#8217;efecte del biaix de les condicions pr\u00e8vies es calcula tamb\u00e9 un \u00edndex Relatiu de NBR anomenat <\/span><b style=\"text-align: justify;\">RdNBR<\/b><span style=\"text-align: justify;\">&nbsp;en el que s&#8217;utilitza el valor promig de dNBR d&#8217;unes zones control fora de l&#8217;incendi. Aquest \u00edndex relatiu va ser descrit per <a href=\"http:\/\/www.fs.fed.us\/postfirevegcondition\/documents\/MillerThodeRse2007.pdf\" target=\"_blank\">Miller&amp;Thode (2007)<\/a>, tot i que no va ser expl\u00edcitament incl\u00f2s aquest factor fins en l&#8217;article per\u00f2 s\u00ed en a les metadades de la cartografia generada per <a href=\"http:\/\/www.mtbs.gov\/\" target=\"_blank\">MTBS<\/a>&nbsp;tal i com descriu&nbsp;(<a href=\"http:\/\/www.readcube.com\/articles\/10.3390\/rs4020456\" target=\"_blank\">Cansler&amp;McKenzie, 2012<\/a>). Aquestes zones control corresponen a zones amb la vegetaci\u00f3 similar (mateixa esp\u00e8cie majorit\u00e0ria) de la zona cremada:<\/span><\/p>\n<p style=\"text-align: center;\"><em><strong>RdNBR = dNBR \u2013&nbsp;dNBRoffset \/&nbsp;\u221a|NBRpre\/1000|<\/strong><\/em><\/p>\n<p style=\"text-align: left;\">El RdNBR s&#8217;ha calculat per a les zones de bosc i matoll dels incendis utilitzant mapes de cobertes del s\u00f2l de la data m\u00e9s propera a l&#8217;incendi. La resta de cobertes (zones humanitzades, masses d&#8217;aigua, conreus, etc.) no s&#8217;han considerat.<\/p>\n<h3>4-Llindars de severitat ecol\u00f2gica<\/h3>\n<p style=\"text-align: left;\"><a href=\"https:\/\/severicat.ctfc.cat\/wp-content\/uploads\/2014\/01\/sever_jonquera-e1397243459220.jpg\"><img loading=\"lazy\" decoding=\"async\" class=\"alignleft\" src=\"https:\/\/severicat.ctfc.cat\/wp-content\/uploads\/2014\/01\/sever_jonquera-e1397243459220-615x1024.jpg\" alt=\"sever_jonquera\" width=\"138\" height=\"229\"><\/a>El rang de valors de l&#8217;\u00edndex NBR es troba entre -1000 i +1000, el dNBR i el RdNBR normalment adopten valors entre -600 i +1500. Els valors m\u00e9s propers a 0 indiquen poc canvi i conseq\u00fcentment els valors m\u00e9s allunyats del 0 indiquen un canvi m\u00e9s gran, sent valors positius quan el canvi ha suposat p\u00e8rdua de vegetaci\u00f3 fotosint\u00e8ticament activa o mortalitat i els valors s\u00f3n negatius quan hi ha hagut un augment de la vegetaci\u00f3. Aquests valors, traslladats a la zona de dins el per\u00edmetre de l&#8217;incendi, ens indiquen que les zones amb un valor m\u00e9s elevat de dNBR o RdNBR han estat afectades m\u00e9s severament.<\/p>\n<p style=\"text-align: left;\"><a href=\"https:\/\/severicat.ctfc.cat\/wp-content\/uploads\/2014\/04\/Imagen1.jpg\"><img loading=\"lazy\" decoding=\"async\" class=\"alignright\" src=\"https:\/\/severicat.ctfc.cat\/wp-content\/uploads\/2014\/04\/Imagen1.jpg\" alt=\"Imagen1\" width=\"296\" height=\"125\"><\/a>Amb l&#8217;objectiu de poder donar un sentit ecol\u00f2gic a aquests valors, per a facilitar la interpretaci\u00f3 visual s&#8217;han classificat els valors de dNBR i RdNBR a diferents nivells de severitat: baixa, moderada i alta. La classificaci\u00f3 utilitzada es basa en estudis previs realitzats en incendis dels Estats Units on han avaluat la relaci\u00f3 entre valors de dNBR i RdNBR i valors de severitat mesurats a camp, utilitzant com a mesura de severitat el <a href=\"http:\/\/nrmsc.usgs.gov\/science\/fire\/CBI\" target=\"_blank\"><i>Composite Burnt Index<\/i> (CBI)<\/a>.<\/p>\n<p style=\"text-align: right;\">Font: <a href=\"http:\/\/www.fs.fed.us\/postfirevegcondition\/documents\/MillerThodeRse2007.pdf\" target=\"_blank\">Miller&amp;Thode, 2007<\/a><\/p>\n<p><!--:--><!--:en--><\/p>\n<h4><span style=\"font-size: 1.17em;\">&nbsp;<\/span><\/h4>\n<p><!--:--><\/p>\n","protected":false},"excerpt":{"rendered":"<p>1-Recopilaci\u00f3 dels l\u00edmits hist\u00f2rics dels incendis de Catalunya S&#8217;han utilitzat la base cartogr\u00e0fica lliure de l\u00edmits d&#8217;incendis forestals ocorreguts des de 1986 en endavant, cartografiats per el&nbsp;Departament d&#8217;Agricultura, Ramadaria i Medi Mar\u00ed (DAMM) i el Institut Cartogr\u00e0fic de Catalunya (ICC)&nbsp;i&nbsp;actualment disponibles lliurament des de la web del DAMM.&nbsp;Aquesta delimitaci\u00f3 de les zones cremades per incendis [&hellip;]<\/p>\n","protected":false},"author":2,"featured_media":0,"parent":0,"menu_order":1,"comment_status":"closed","ping_status":"closed","template":"","meta":{"_mi_skip_tracking":false,"footnotes":""},"class_list":["post-15","page","type-page","status-publish","hentry"],"_links":{"self":[{"href":"https:\/\/severicat.ctfc.cat\/index.php?rest_route=\/wp\/v2\/pages\/15","targetHints":{"allow":["GET"]}}],"collection":[{"href":"https:\/\/severicat.ctfc.cat\/index.php?rest_route=\/wp\/v2\/pages"}],"about":[{"href":"https:\/\/severicat.ctfc.cat\/index.php?rest_route=\/wp\/v2\/types\/page"}],"author":[{"embeddable":true,"href":"https:\/\/severicat.ctfc.cat\/index.php?rest_route=\/wp\/v2\/users\/2"}],"replies":[{"embeddable":true,"href":"https:\/\/severicat.ctfc.cat\/index.php?rest_route=%2Fwp%2Fv2%2Fcomments&post=15"}],"version-history":[{"count":71,"href":"https:\/\/severicat.ctfc.cat\/index.php?rest_route=\/wp\/v2\/pages\/15\/revisions"}],"predecessor-version":[{"id":475,"href":"https:\/\/severicat.ctfc.cat\/index.php?rest_route=\/wp\/v2\/pages\/15\/revisions\/475"}],"wp:attachment":[{"href":"https:\/\/severicat.ctfc.cat\/index.php?rest_route=%2Fwp%2Fv2%2Fmedia&parent=15"}],"curies":[{"name":"wp","href":"https:\/\/api.w.org\/{rel}","templated":true}]}}