{"id":13,"date":"2014-01-21T11:43:29","date_gmt":"2014-01-21T11:43:29","guid":{"rendered":"https:\/\/site4.ctfc.cat\/?page_id=13"},"modified":"2017-04-18T17:10:32","modified_gmt":"2017-04-18T17:10:32","slug":"13-2","status":"publish","type":"page","link":"https:\/\/severicat.ctfc.cat\/?page_id=13&lang=ca","title":{"rendered":"PRESENTACI\u00d3"},"content":{"rendered":"<h3>Com es fa SEVERICAT?<\/h3>\n<p style=\"text-align: left;\"><span style=\"font-size: 13px;\">SEVERICAT \u00e9s un servidor de cartografia objectiva a una resoluci\u00f3 mitjana (30m) sobre la severitat dels incendis forestals ocorreguts a Catalunya des de l&#8217;any 1986 en endavant. Com a severitat s&#8217;ent\u00e9n el grau d&#8217;afectaci\u00f3 dels incendis sobre la part a\u00e8ria de les masses forestals.<\/span><\/p>\n<h3>Com es fa SEVERICAT?<\/h3>\n<p style=\"text-align: left;\">La cartografia de severitat d&#8217;incendis de Catalunya s&#8217;obt\u00e9 a partir d&#8217;imatges sat\u00e8l\u00b7lit aplicant metodologies est\u00e0ndard basades amb el c\u00e0lcul de l&#8217;\u00cdndex de vegetaci\u00f3 NBR (<em>Normalized Burn Ratio<\/em>) abans i despr\u00e9s de l&#8217;incendi, i posteriorment quantificant els seus canvis.<\/p>\n<h3>Qui est\u00e0 fent SEVERICAT?<\/h3>\n<p>SEVERICAT \u00e9s un projecte transversal impulsat des del <a title=\"CEMFOR\" href=\"http:\/\/www.cemfor.cat\/\" target=\"_blank\">CEMFOR<\/a> (Center For Mediterranian Forest Research) del <a href=\"http:\/\/www.ctfc.cat\/\" target=\"_blank\">CTFC<\/a> (Centre Tecnol\u00f2gic Forestal de Catalunya) fruit de la col\u00b7laboraci\u00f3 amb altres grups de transfer\u00e8ncia del mateix CTFC i, en especial, de la col\u00b7laboraci\u00f3 de Dani Ruiz i Tonino Mulas.<\/p>\n<h3>Per a qu\u00e8 pot ser \u00fatil la cartografia de SEVERICAT?<\/h3>\n<p><span style=\"font-size: 13px;\">La cartografia de severitat dels incendis pot ser \u00fatil tant en un \u00e0mbit cient\u00edfic per aportar millores en el coneixement de l&#8217;ecologia del foc des de les seves diverses vessants, com en un \u00e0mbit de gesti\u00f3 i planificaci\u00f3 del territori.<\/span><\/p>\n<p>La cartografia de la severitat d&#8217;una s\u00e8rie temporal d&#8217;incendis hist\u00f2rics a Catalunya aporta informaci\u00f3 rellevant sobre l&#8217;evoluci\u00f3 dels focs, la gesti\u00f3 de combustibles, l&#8217;efectivitat de tipologies de gestions forestals enfront als incendis, etc. que pot ser molt valuosa a nivell de prevenci\u00f3 d&#8217;incendis i gesti\u00f3 forestal. A m\u00e9s, la generaci\u00f3 de cartografia de severitat de nous incendis tamb\u00e9 aporta informaci\u00f3 molt valuosa en les actuacions que es poden dur a terme a curt termini despr\u00e9s d&#8217;un incendi, com per exemple identificaci\u00f3 de zones de m\u00e9s risc d&#8217;erosi\u00f3 despr\u00e9s de fortes precipitacions de cara a dirigir les actuacions de restauraci\u00f3 i la valoraci\u00f3 precisa i objectiva de la afectaci\u00f3 real.<\/p>\n","protected":false},"excerpt":{"rendered":"<p>Com es fa SEVERICAT? SEVERICAT \u00e9s un servidor de cartografia objectiva a una resoluci\u00f3 mitjana (30m) sobre la severitat dels incendis forestals ocorreguts a Catalunya des de l&#8217;any 1986 en endavant. Com a severitat s&#8217;ent\u00e9n el grau d&#8217;afectaci\u00f3 dels incendis sobre la part a\u00e8ria de les masses forestals. Com es fa SEVERICAT? La cartografia de [&hellip;]<\/p>\n","protected":false},"author":2,"featured_media":0,"parent":0,"menu_order":0,"comment_status":"closed","ping_status":"closed","template":"","meta":{"_mi_skip_tracking":false,"footnotes":""},"class_list":["post-13","page","type-page","status-publish","hentry"],"_links":{"self":[{"href":"https:\/\/severicat.ctfc.cat\/index.php?rest_route=\/wp\/v2\/pages\/13","targetHints":{"allow":["GET"]}}],"collection":[{"href":"https:\/\/severicat.ctfc.cat\/index.php?rest_route=\/wp\/v2\/pages"}],"about":[{"href":"https:\/\/severicat.ctfc.cat\/index.php?rest_route=\/wp\/v2\/types\/page"}],"author":[{"embeddable":true,"href":"https:\/\/severicat.ctfc.cat\/index.php?rest_route=\/wp\/v2\/users\/2"}],"replies":[{"embeddable":true,"href":"https:\/\/severicat.ctfc.cat\/index.php?rest_route=%2Fwp%2Fv2%2Fcomments&post=13"}],"version-history":[{"count":40,"href":"https:\/\/severicat.ctfc.cat\/index.php?rest_route=\/wp\/v2\/pages\/13\/revisions"}],"predecessor-version":[{"id":471,"href":"https:\/\/severicat.ctfc.cat\/index.php?rest_route=\/wp\/v2\/pages\/13\/revisions\/471"}],"wp:attachment":[{"href":"https:\/\/severicat.ctfc.cat\/index.php?rest_route=%2Fwp%2Fv2%2Fmedia&parent=13"}],"curies":[{"name":"wp","href":"https:\/\/api.w.org\/{rel}","templated":true}]}}